{"id":1858,"date":"2026-03-05T15:10:53","date_gmt":"2026-03-05T15:10:53","guid":{"rendered":"https:\/\/gaiajeolog.com\/about-us\/sevkican-seferoglu\/"},"modified":"2026-03-06T15:49:01","modified_gmt":"2026-03-06T15:49:01","slug":"sevkican-seferoglu","status":"publish","type":"page","link":"https:\/\/gaiajeolog.com\/en\/about-us\/sevkican-seferoglu\/","title":{"rendered":"\u015eevkican Sefero\u011flu"},"content":{"rendered":"\t\t<div data-elementor-type=\"wp-page\" data-elementor-id=\"1858\" class=\"elementor elementor-1858 elementor-1700\">\n\t\t\t\t\t\t<section class=\"elementor-section elementor-top-section elementor-element elementor-element-9493e01 elementor-section-boxed elementor-section-height-default elementor-section-height-default\" data-id=\"9493e01\" data-element_type=\"section\" data-e-type=\"section\" data-settings=\"{&quot;background_background&quot;:&quot;classic&quot;}\">\n\t\t\t\t\t\t\t<div class=\"elementor-background-overlay\"><\/div>\n\t\t\t\t\t\t\t<div class=\"elementor-container elementor-column-gap-default\">\n\t\t\t\t\t<div class=\"elementor-column elementor-col-50 elementor-top-column elementor-element elementor-element-a2daaab\" data-id=\"a2daaab\" data-element_type=\"column\" data-e-type=\"column\">\n\t\t\t<div class=\"elementor-widget-wrap elementor-element-populated\">\n\t\t\t\t\t\t<div class=\"elementor-element elementor-element-e11d6ba elementor-widget elementor-widget-image\" data-id=\"e11d6ba\" data-element_type=\"widget\" data-e-type=\"widget\" data-widget_type=\"image.default\">\n\t\t\t\t<div class=\"elementor-widget-container\">\n\t\t\t\t\t\t\t\t\t\t\t\t\t\t\t<img fetchpriority=\"high\" decoding=\"async\" width=\"896\" height=\"1200\" src=\"https:\/\/gaiajeolog.com\/wp-content\/uploads\/2026\/03\/hf_20260305_134145_2f950f48-ee10-46b3-bdf0-e168398a5f82.png\" class=\"attachment-full size-full wp-image-1643\" alt=\"\" srcset=\"https:\/\/gaiajeolog.com\/wp-content\/uploads\/2026\/03\/hf_20260305_134145_2f950f48-ee10-46b3-bdf0-e168398a5f82.png 896w, https:\/\/gaiajeolog.com\/wp-content\/uploads\/2026\/03\/hf_20260305_134145_2f950f48-ee10-46b3-bdf0-e168398a5f82-224x300.png 224w, https:\/\/gaiajeolog.com\/wp-content\/uploads\/2026\/03\/hf_20260305_134145_2f950f48-ee10-46b3-bdf0-e168398a5f82-765x1024.png 765w, https:\/\/gaiajeolog.com\/wp-content\/uploads\/2026\/03\/hf_20260305_134145_2f950f48-ee10-46b3-bdf0-e168398a5f82-768x1029.png 768w\" sizes=\"(max-width: 896px) 100vw, 896px\" \/>\t\t\t\t\t\t\t\t\t\t\t\t\t\t\t<\/div>\n\t\t\t\t<\/div>\n\t\t\t\t\t<\/div>\n\t\t<\/div>\n\t\t\t\t<div class=\"elementor-column elementor-col-50 elementor-top-column elementor-element elementor-element-66ed484\" data-id=\"66ed484\" data-element_type=\"column\" data-e-type=\"column\">\n\t\t\t<div class=\"elementor-widget-wrap elementor-element-populated\">\n\t\t\t\t\t\t<div class=\"elementor-element elementor-element-ee389ad elementor-widget elementor-widget-heading\" data-id=\"ee389ad\" data-element_type=\"widget\" data-e-type=\"widget\" data-widget_type=\"heading.default\">\n\t\t\t\t<div class=\"elementor-widget-container\">\n\t\t\t\t\t<span class=\"elementor-heading-title elementor-size-default\">BSc-JMO-MJD\n<\/span>\t\t\t\t<\/div>\n\t\t\t\t<\/div>\n\t\t\t\t<div class=\"elementor-element elementor-element-7c6f65e elementor-widget elementor-widget-heading\" data-id=\"7c6f65e\" data-element_type=\"widget\" data-e-type=\"widget\" data-widget_type=\"heading.default\">\n\t\t\t\t<div class=\"elementor-widget-container\">\n\t\t\t\t\t<span class=\"elementor-heading-title elementor-size-default\">Economic Geologists &amp; Senior Geology Consultant\n<\/span>\t\t\t\t<\/div>\n\t\t\t\t<\/div>\n\t\t\t\t<div class=\"elementor-element elementor-element-f4c2d0c elementor-widget elementor-widget-heading\" data-id=\"f4c2d0c\" data-element_type=\"widget\" data-e-type=\"widget\" data-widget_type=\"heading.default\">\n\t\t\t\t<div class=\"elementor-widget-container\">\n\t\t\t\t\t<h2 class=\"elementor-heading-title elementor-size-default\">\u015eevkican Sefero\u011flu\n<\/h2>\t\t\t\t<\/div>\n\t\t\t\t<\/div>\n\t\t\t\t<div class=\"elementor-element elementor-element-202eed5 elementor-widget__width-initial elementor-widget elementor-widget-text-editor\" data-id=\"202eed5\" data-element_type=\"widget\" data-e-type=\"widget\" data-widget_type=\"text-editor.default\">\n\t\t\t\t<div class=\"elementor-widget-container\">\n\t\t\t\t\t\t\t\t\t<p><span style=\"font-weight: 400;\">\u015eevkican Sefero\u011flu received his B.Sc. degree in Geological Engineering from Middle East Technical University (METU) in 2015.<\/span><\/p><p><span style=\"font-weight: 400;\">He began his professional career in 2016 as a geological engineer at Pomza Export Inc. and later joined Demir Export Inc., where he held several roles including exploration geologist, specialist exploration geologist, senior exploration geologist, and structural geology &amp; modeling superintendent. As of 2025, he serves as Senior Geology Consultant at Gaia Jeolog.<\/span><\/p><p><span style=\"font-weight: 400;\">Throughout his career, he has been actively involved in numerous mineral exploration projects both in T\u00fcrkiye and internationally, primarily focusing on porphyry, skarn, orogenic, and high-sulfidation epithermal deposit systems. His responsibilities have included planning and execution of drilling programs, geological mapping, geochemical data evaluation, core logging, geological modeling, and technical data interpretation. He has also contributed to the reporting of exploration projects in compliance with international reporting standards such as JORC and NI 43-101, as well as technical evaluation and due diligence studies for mineral projects aimed at expanding company exploration portfolios.<\/span><\/p><p><span style=\"font-weight: 400;\">\u015eevkican Sefero\u011flu has presented papers at national and international workshops and has participated in several professional training programs and seminars related to economic geology, geochemistry, alteration systems, and mineral exploration. He is a member of Chamber of Geological Engineers of T\u00fcrkiye (TMMOB JMO) and Turkish Association of Economic Geologists (MJD).<\/span><\/p>\t\t\t\t\t\t\t\t<\/div>\n\t\t\t\t<\/div>\n\t\t\t\t<div class=\"elementor-element elementor-element-dfa2081 elementor-shape-circle e-grid-align-left elementor-hidden-desktop elementor-hidden-tablet elementor-hidden-mobile elementor-grid-0 elementor-widget elementor-widget-social-icons\" data-id=\"dfa2081\" data-element_type=\"widget\" data-e-type=\"widget\" data-widget_type=\"social-icons.default\">\n\t\t\t\t<div class=\"elementor-widget-container\">\n\t\t\t\t\t\t\t<div class=\"elementor-social-icons-wrapper elementor-grid\">\n\t\t\t\t\t\t\t<span class=\"elementor-grid-item\">\n\t\t\t\t\t<a class=\"elementor-icon elementor-social-icon elementor-social-icon-linkedin elementor-repeater-item-9042912\" href=\"https:\/\/www.linkedin.com\/in\/ismet-cengiz-jeoloji-m%C3%BCh-geologist-msc-tmmob-jmo-cp-maig-b3422256\/\" target=\"_blank\">\n\t\t\t\t\t\t<span class=\"elementor-screen-only\">Linkedin<\/span>\n\t\t\t\t\t\t<svg aria-hidden=\"true\" class=\"e-font-icon-svg e-fab-linkedin\" viewBox=\"0 0 448 512\" xmlns=\"http:\/\/www.w3.org\/2000\/svg\"><path d=\"M416 32H31.9C14.3 32 0 46.5 0 64.3v383.4C0 465.5 14.3 480 31.9 480H416c17.6 0 32-14.5 32-32.3V64.3c0-17.8-14.4-32.3-32-32.3zM135.4 416H69V202.2h66.5V416zm-33.2-243c-21.3 0-38.5-17.3-38.5-38.5S80.9 96 102.2 96c21.2 0 38.5 17.3 38.5 38.5 0 21.3-17.2 38.5-38.5 38.5zm282.1 243h-66.4V312c0-24.8-.5-56.7-34.5-56.7-34.6 0-39.9 27-39.9 54.9V416h-66.4V202.2h63.7v29.2h.9c8.9-16.8 30.6-34.5 62.9-34.5 67.2 0 79.7 44.3 79.7 101.9V416z\"><\/path><\/svg>\t\t\t\t\t<\/a>\n\t\t\t\t<\/span>\n\t\t\t\t\t<\/div>\n\t\t\t\t\t\t<\/div>\n\t\t\t\t<\/div>\n\t\t\t\t\t<\/div>\n\t\t<\/div>\n\t\t\t\t\t<\/div>\n\t\t<\/section>\n\t\t\t\t<section class=\"elementor-section elementor-top-section elementor-element elementor-element-f3394f0 elementor-section-full_width elementor-section-height-default elementor-section-height-default\" data-id=\"f3394f0\" data-element_type=\"section\" data-e-type=\"section\" data-settings=\"{&quot;background_background&quot;:&quot;classic&quot;}\">\n\t\t\t\t\t\t\t<div class=\"elementor-background-overlay\"><\/div>\n\t\t\t\t\t\t\t<div class=\"elementor-container elementor-column-gap-no\">\n\t\t\t\t\t<div class=\"elementor-column elementor-col-100 elementor-top-column elementor-element elementor-element-86e03c2\" data-id=\"86e03c2\" data-element_type=\"column\" data-e-type=\"column\">\n\t\t\t<div class=\"elementor-widget-wrap elementor-element-populated\">\n\t\t\t\t<div class=\"elementor-element elementor-element-7a98ce1 e-grid e-con-full e-con e-parent\" data-id=\"7a98ce1\" data-element_type=\"container\" data-e-type=\"container\">\n\t\t<div class=\"elementor-element elementor-element-fd0ad40 e-con-full e-flex e-con e-child\" data-id=\"fd0ad40\" data-element_type=\"container\" data-e-type=\"container\">\n\t\t\t\t<div class=\"elementor-element elementor-element-8146260 elementor-widget elementor-widget-counter\" data-id=\"8146260\" data-element_type=\"widget\" data-e-type=\"widget\" data-widget_type=\"counter.default\">\n\t\t\t\t<div class=\"elementor-widget-container\">\n\t\t\t\t\t\t\t<div class=\"elementor-counter\">\n\t\t\t<div class=\"elementor-counter-title\">years of experience<\/div>\t\t\t<div class=\"elementor-counter-number-wrapper\">\n\t\t\t\t<span class=\"elementor-counter-number-prefix\"><\/span>\n\t\t\t\t<span class=\"elementor-counter-number\" data-duration=\"2000\" data-to-value=\"40\" data-from-value=\"30\" data-delimiter=\",\">30<\/span>\n\t\t\t\t<span class=\"elementor-counter-number-suffix\">+<\/span>\n\t\t\t<\/div>\n\t\t<\/div>\n\t\t\t\t\t\t<\/div>\n\t\t\t\t<\/div>\n\t\t\t\t<\/div>\n\t\t<div class=\"elementor-element elementor-element-ce7c6d6 e-con-full e-flex e-con e-child\" data-id=\"ce7c6d6\" data-element_type=\"container\" data-e-type=\"container\">\n\t\t\t\t<div class=\"elementor-element elementor-element-53894e3 elementor-widget elementor-widget-counter\" data-id=\"53894e3\" data-element_type=\"widget\" data-e-type=\"widget\" data-widget_type=\"counter.default\">\n\t\t\t\t<div class=\"elementor-widget-container\">\n\t\t\t\t\t\t\t<div class=\"elementor-counter\">\n\t\t\t<div class=\"elementor-counter-title\">Field Study<\/div>\t\t\t<div class=\"elementor-counter-number-wrapper\">\n\t\t\t\t<span class=\"elementor-counter-number-prefix\"><\/span>\n\t\t\t\t<span class=\"elementor-counter-number\" data-duration=\"2000\" data-to-value=\"1000\" data-from-value=\"600\" data-delimiter=\",\">600<\/span>\n\t\t\t\t<span class=\"elementor-counter-number-suffix\">+<\/span>\n\t\t\t<\/div>\n\t\t<\/div>\n\t\t\t\t\t\t<\/div>\n\t\t\t\t<\/div>\n\t\t\t\t<\/div>\n\t\t<div class=\"elementor-element elementor-element-04356b3 e-con-full e-flex e-con e-child\" data-id=\"04356b3\" data-element_type=\"container\" data-e-type=\"container\">\n\t\t\t\t<div class=\"elementor-element elementor-element-0c97b2b elementor-widget elementor-widget-heading\" data-id=\"0c97b2b\" data-element_type=\"widget\" data-e-type=\"widget\" data-widget_type=\"heading.default\">\n\t\t\t\t<div class=\"elementor-widget-container\">\n\t\t\t\t\t<h1 class=\"elementor-heading-title elementor-size-default\">JORC<\/h1>\t\t\t\t<\/div>\n\t\t\t\t<\/div>\n\t\t\t\t<div class=\"elementor-element elementor-element-4a33a48 elementor-widget elementor-widget-heading\" data-id=\"4a33a48\" data-element_type=\"widget\" data-e-type=\"widget\" data-widget_type=\"heading.default\">\n\t\t\t\t<div class=\"elementor-widget-container\">\n\t\t\t\t\t<h3 class=\"elementor-heading-title elementor-size-default\">for <strong>CP<\/strong><\/h3>\t\t\t\t<\/div>\n\t\t\t\t<\/div>\n\t\t\t\t<\/div>\n\t\t<div class=\"elementor-element elementor-element-53fe582 e-con-full e-flex e-con e-child\" data-id=\"53fe582\" data-element_type=\"container\" data-e-type=\"container\">\n\t\t\t\t<div class=\"elementor-element elementor-element-0268b83 elementor-widget elementor-widget-heading\" data-id=\"0268b83\" data-element_type=\"widget\" data-e-type=\"widget\" data-widget_type=\"heading.default\">\n\t\t\t\t<div class=\"elementor-widget-container\">\n\t\t\t\t\t<h1 class=\"elementor-heading-title elementor-size-default\">NI 43-101<\/h1>\t\t\t\t<\/div>\n\t\t\t\t<\/div>\n\t\t\t\t<div class=\"elementor-element elementor-element-e0258f6 elementor-widget elementor-widget-heading\" data-id=\"e0258f6\" data-element_type=\"widget\" data-e-type=\"widget\" data-widget_type=\"heading.default\">\n\t\t\t\t<div class=\"elementor-widget-container\">\n\t\t\t\t\t<h3 class=\"elementor-heading-title elementor-size-default\">for <strong> QP<\/h3>\t\t\t\t<\/div>\n\t\t\t\t<\/div>\n\t\t\t\t<\/div>\n\t\t<div class=\"elementor-element elementor-element-8e2dead e-con-full e-flex e-con e-child\" data-id=\"8e2dead\" data-element_type=\"container\" data-e-type=\"container\">\n\t\t\t\t<div class=\"elementor-element elementor-element-9eaa23e elementor-widget elementor-widget-heading\" data-id=\"9eaa23e\" data-element_type=\"widget\" data-e-type=\"widget\" data-widget_type=\"heading.default\">\n\t\t\t\t<div class=\"elementor-widget-container\">\n\t\t\t\t\t<h1 class=\"elementor-heading-title elementor-size-default\">UMREK<\/h1>\t\t\t\t<\/div>\n\t\t\t\t<\/div>\n\t\t\t\t<div class=\"elementor-element elementor-element-ce04cfb elementor-widget elementor-widget-heading\" data-id=\"ce04cfb\" data-element_type=\"widget\" data-e-type=\"widget\" data-widget_type=\"heading.default\">\n\t\t\t\t<div class=\"elementor-widget-container\">\n\t\t\t\t\t<h3 class=\"elementor-heading-title elementor-size-default\">for <strong> Competent Person<\/h3>\t\t\t\t<\/div>\n\t\t\t\t<\/div>\n\t\t\t\t<\/div>\n\t\t\t\t<\/div>\n\t\t\t\t\t<\/div>\n\t\t<\/div>\n\t\t\t\t\t<\/div>\n\t\t<\/section>\n\t\t\t\t<\/div>\n\t\t","protected":false},"excerpt":{"rendered":"<p>BSc-JMO-MJD Economic Geologists &amp; Senior Geology Consultant \u015eevkican Sefero\u011flu \u015eevkican Sefero\u011flu received his B.Sc. degree in Geological Engineering from Middle East Technical University (METU) in 2015. He began his professional career in 2016 as a geological engineer at Pomza Export Inc. and later joined Demir Export Inc., where he held several roles including exploration geologist,&hellip;&nbsp;<a href=\"https:\/\/gaiajeolog.com\/en\/about-us\/sevkican-seferoglu\/\" rel=\"bookmark\">Read More &raquo;<span class=\"screen-reader-text\">\u015eevkican Sefero\u011flu<\/span><\/a><\/p>\n","protected":false},"author":1,"featured_media":0,"parent":992,"menu_order":0,"comment_status":"closed","ping_status":"closed","template":"page-templates\/template-pagebuilder-full-width.php","meta":{"neve_meta_sidebar":"","neve_meta_container":"","neve_meta_enable_content_width":"","neve_meta_content_width":0,"neve_meta_title_alignment":"","neve_meta_author_avatar":"","neve_post_elements_order":"","neve_meta_disable_header":"","neve_meta_disable_footer":"","neve_meta_disable_title":"","_themeisle_gutenberg_block_has_review":false,"footnotes":""},"class_list":["post-1858","page","type-page","status-publish","hentry"],"yoast_head":"<!-- This site is optimized with the Yoast SEO plugin v27.4 - https:\/\/yoast.com\/product\/yoast-seo-wordpress\/ -->\n<title>\u015eevkican Sefero\u011flu - Gaia Jeolog<\/title>\n<meta name=\"robots\" content=\"index, follow, max-snippet:-1, max-image-preview:large, max-video-preview:-1\" \/>\n<link rel=\"canonical\" href=\"https:\/\/gaiajeolog.com\/en\/about-us\/sevkican-seferoglu\/\" \/>\n<meta property=\"og:locale\" content=\"en_US\" \/>\n<meta property=\"og:type\" content=\"article\" \/>\n<meta property=\"og:title\" content=\"\u015eevkican Sefero\u011flu - Gaia Jeolog\" \/>\n<meta property=\"og:description\" content=\"BSc-JMO-MJD Economic Geologists &amp; Senior Geology Consultant \u015eevkican Sefero\u011flu \u015eevkican Sefero\u011flu received his B.Sc. degree in Geological Engineering from Middle East Technical University (METU) in 2015. He began his professional career in 2016 as a geological engineer at Pomza Export Inc. and later joined Demir Export Inc., where he held several roles including exploration geologist,&hellip;&nbsp;Read More &raquo;\u015eevkican Sefero\u011flu\" \/>\n<meta property=\"og:url\" content=\"https:\/\/gaiajeolog.com\/en\/about-us\/sevkican-seferoglu\/\" \/>\n<meta property=\"og:site_name\" content=\"Gaia Jeolog\" \/>\n<meta property=\"article:modified_time\" content=\"2026-03-06T15:49:01+00:00\" \/>\n<meta property=\"og:image\" content=\"https:\/\/gaiajeolog.com\/wp-content\/uploads\/2026\/03\/hf_20260305_134145_2f950f48-ee10-46b3-bdf0-e168398a5f82.png\" \/>\n\t<meta property=\"og:image:width\" content=\"896\" \/>\n\t<meta property=\"og:image:height\" content=\"1200\" \/>\n\t<meta property=\"og:image:type\" content=\"image\/png\" \/>\n<meta name=\"twitter:card\" content=\"summary_large_image\" \/>\n<meta name=\"twitter:label1\" content=\"Est. reading time\" \/>\n\t<meta name=\"twitter:data1\" content=\"2 minutes\" \/>\n<script type=\"application\/ld+json\" class=\"yoast-schema-graph\">{\"@context\":\"https:\\\/\\\/schema.org\",\"@graph\":[{\"@type\":\"WebPage\",\"@id\":\"https:\\\/\\\/gaiajeolog.com\\\/en\\\/about-us\\\/sevkican-seferoglu\\\/\",\"url\":\"https:\\\/\\\/gaiajeolog.com\\\/en\\\/about-us\\\/sevkican-seferoglu\\\/\",\"name\":\"\u015eevkican Sefero\u011flu - Gaia Jeolog\",\"isPartOf\":{\"@id\":\"https:\\\/\\\/gaiajeolog.com\\\/#website\"},\"primaryImageOfPage\":{\"@id\":\"https:\\\/\\\/gaiajeolog.com\\\/en\\\/about-us\\\/sevkican-seferoglu\\\/#primaryimage\"},\"image\":{\"@id\":\"https:\\\/\\\/gaiajeolog.com\\\/en\\\/about-us\\\/sevkican-seferoglu\\\/#primaryimage\"},\"thumbnailUrl\":\"https:\\\/\\\/gaiajeolog.com\\\/wp-content\\\/uploads\\\/2026\\\/03\\\/hf_20260305_134145_2f950f48-ee10-46b3-bdf0-e168398a5f82.png\",\"datePublished\":\"2026-03-05T15:10:53+00:00\",\"dateModified\":\"2026-03-06T15:49:01+00:00\",\"breadcrumb\":{\"@id\":\"https:\\\/\\\/gaiajeolog.com\\\/en\\\/about-us\\\/sevkican-seferoglu\\\/#breadcrumb\"},\"inLanguage\":\"en-US\",\"potentialAction\":[{\"@type\":\"ReadAction\",\"target\":[\"https:\\\/\\\/gaiajeolog.com\\\/en\\\/about-us\\\/sevkican-seferoglu\\\/\"]}]},{\"@type\":\"ImageObject\",\"inLanguage\":\"en-US\",\"@id\":\"https:\\\/\\\/gaiajeolog.com\\\/en\\\/about-us\\\/sevkican-seferoglu\\\/#primaryimage\",\"url\":\"https:\\\/\\\/gaiajeolog.com\\\/wp-content\\\/uploads\\\/2026\\\/03\\\/hf_20260305_134145_2f950f48-ee10-46b3-bdf0-e168398a5f82.png\",\"contentUrl\":\"https:\\\/\\\/gaiajeolog.com\\\/wp-content\\\/uploads\\\/2026\\\/03\\\/hf_20260305_134145_2f950f48-ee10-46b3-bdf0-e168398a5f82.png\"},{\"@type\":\"BreadcrumbList\",\"@id\":\"https:\\\/\\\/gaiajeolog.com\\\/en\\\/about-us\\\/sevkican-seferoglu\\\/#breadcrumb\",\"itemListElement\":[{\"@type\":\"ListItem\",\"position\":1,\"name\":\"Anasayfa\",\"item\":\"https:\\\/\\\/gaiajeolog.com\\\/\"},{\"@type\":\"ListItem\",\"position\":2,\"name\":\"About Us\",\"item\":\"https:\\\/\\\/gaiajeolog.com\\\/hakkimizda\\\/\"},{\"@type\":\"ListItem\",\"position\":3,\"name\":\"\u015eevkican Sefero\u011flu\"}]},{\"@type\":\"WebSite\",\"@id\":\"https:\\\/\\\/gaiajeolog.com\\\/#website\",\"url\":\"https:\\\/\\\/gaiajeolog.com\\\/\",\"name\":\"Gaia Jeolog\",\"description\":\"Sadece Jeoloji\",\"publisher\":{\"@id\":\"https:\\\/\\\/gaiajeolog.com\\\/#organization\"},\"potentialAction\":[{\"@type\":\"SearchAction\",\"target\":{\"@type\":\"EntryPoint\",\"urlTemplate\":\"https:\\\/\\\/gaiajeolog.com\\\/?s={search_term_string}\"},\"query-input\":{\"@type\":\"PropertyValueSpecification\",\"valueRequired\":true,\"valueName\":\"search_term_string\"}}],\"inLanguage\":\"en-US\"},{\"@type\":\"Organization\",\"@id\":\"https:\\\/\\\/gaiajeolog.com\\\/#organization\",\"name\":\"Gaia Jeolog\",\"url\":\"https:\\\/\\\/gaiajeolog.com\\\/\",\"logo\":{\"@type\":\"ImageObject\",\"inLanguage\":\"en-US\",\"@id\":\"https:\\\/\\\/gaiajeolog.com\\\/#\\\/schema\\\/logo\\\/image\\\/\",\"url\":\"https:\\\/\\\/gaiajeolog.com\\\/wp-content\\\/uploads\\\/2024\\\/11\\\/gaia_logo.png\",\"contentUrl\":\"https:\\\/\\\/gaiajeolog.com\\\/wp-content\\\/uploads\\\/2024\\\/11\\\/gaia_logo.png\",\"width\":399,\"height\":100,\"caption\":\"Gaia Jeolog\"},\"image\":{\"@id\":\"https:\\\/\\\/gaiajeolog.com\\\/#\\\/schema\\\/logo\\\/image\\\/\"}}]}<\/script>\n<!-- \/ Yoast SEO plugin. -->","yoast_head_json":{"title":"\u015eevkican Sefero\u011flu - Gaia Jeolog","robots":{"index":"index","follow":"follow","max-snippet":"max-snippet:-1","max-image-preview":"max-image-preview:large","max-video-preview":"max-video-preview:-1"},"canonical":"https:\/\/gaiajeolog.com\/en\/about-us\/sevkican-seferoglu\/","og_locale":"en_US","og_type":"article","og_title":"\u015eevkican Sefero\u011flu - Gaia Jeolog","og_description":"BSc-JMO-MJD Economic Geologists &amp; Senior Geology Consultant \u015eevkican Sefero\u011flu \u015eevkican Sefero\u011flu received his B.Sc. degree in Geological Engineering from Middle East Technical University (METU) in 2015. He began his professional career in 2016 as a geological engineer at Pomza Export Inc. and later joined Demir Export Inc., where he held several roles including exploration geologist,&hellip;&nbsp;Read More &raquo;\u015eevkican Sefero\u011flu","og_url":"https:\/\/gaiajeolog.com\/en\/about-us\/sevkican-seferoglu\/","og_site_name":"Gaia Jeolog","article_modified_time":"2026-03-06T15:49:01+00:00","og_image":[{"width":896,"height":1200,"url":"https:\/\/gaiajeolog.com\/wp-content\/uploads\/2026\/03\/hf_20260305_134145_2f950f48-ee10-46b3-bdf0-e168398a5f82.png","type":"image\/png"}],"twitter_card":"summary_large_image","twitter_misc":{"Est. reading time":"2 minutes"},"schema":{"@context":"https:\/\/schema.org","@graph":[{"@type":"WebPage","@id":"https:\/\/gaiajeolog.com\/en\/about-us\/sevkican-seferoglu\/","url":"https:\/\/gaiajeolog.com\/en\/about-us\/sevkican-seferoglu\/","name":"\u015eevkican Sefero\u011flu - Gaia Jeolog","isPartOf":{"@id":"https:\/\/gaiajeolog.com\/#website"},"primaryImageOfPage":{"@id":"https:\/\/gaiajeolog.com\/en\/about-us\/sevkican-seferoglu\/#primaryimage"},"image":{"@id":"https:\/\/gaiajeolog.com\/en\/about-us\/sevkican-seferoglu\/#primaryimage"},"thumbnailUrl":"https:\/\/gaiajeolog.com\/wp-content\/uploads\/2026\/03\/hf_20260305_134145_2f950f48-ee10-46b3-bdf0-e168398a5f82.png","datePublished":"2026-03-05T15:10:53+00:00","dateModified":"2026-03-06T15:49:01+00:00","breadcrumb":{"@id":"https:\/\/gaiajeolog.com\/en\/about-us\/sevkican-seferoglu\/#breadcrumb"},"inLanguage":"en-US","potentialAction":[{"@type":"ReadAction","target":["https:\/\/gaiajeolog.com\/en\/about-us\/sevkican-seferoglu\/"]}]},{"@type":"ImageObject","inLanguage":"en-US","@id":"https:\/\/gaiajeolog.com\/en\/about-us\/sevkican-seferoglu\/#primaryimage","url":"https:\/\/gaiajeolog.com\/wp-content\/uploads\/2026\/03\/hf_20260305_134145_2f950f48-ee10-46b3-bdf0-e168398a5f82.png","contentUrl":"https:\/\/gaiajeolog.com\/wp-content\/uploads\/2026\/03\/hf_20260305_134145_2f950f48-ee10-46b3-bdf0-e168398a5f82.png"},{"@type":"BreadcrumbList","@id":"https:\/\/gaiajeolog.com\/en\/about-us\/sevkican-seferoglu\/#breadcrumb","itemListElement":[{"@type":"ListItem","position":1,"name":"Anasayfa","item":"https:\/\/gaiajeolog.com\/"},{"@type":"ListItem","position":2,"name":"About Us","item":"https:\/\/gaiajeolog.com\/hakkimizda\/"},{"@type":"ListItem","position":3,"name":"\u015eevkican Sefero\u011flu"}]},{"@type":"WebSite","@id":"https:\/\/gaiajeolog.com\/#website","url":"https:\/\/gaiajeolog.com\/","name":"Gaia Jeolog","description":"Sadece Jeoloji","publisher":{"@id":"https:\/\/gaiajeolog.com\/#organization"},"potentialAction":[{"@type":"SearchAction","target":{"@type":"EntryPoint","urlTemplate":"https:\/\/gaiajeolog.com\/?s={search_term_string}"},"query-input":{"@type":"PropertyValueSpecification","valueRequired":true,"valueName":"search_term_string"}}],"inLanguage":"en-US"},{"@type":"Organization","@id":"https:\/\/gaiajeolog.com\/#organization","name":"Gaia Jeolog","url":"https:\/\/gaiajeolog.com\/","logo":{"@type":"ImageObject","inLanguage":"en-US","@id":"https:\/\/gaiajeolog.com\/#\/schema\/logo\/image\/","url":"https:\/\/gaiajeolog.com\/wp-content\/uploads\/2024\/11\/gaia_logo.png","contentUrl":"https:\/\/gaiajeolog.com\/wp-content\/uploads\/2024\/11\/gaia_logo.png","width":399,"height":100,"caption":"Gaia Jeolog"},"image":{"@id":"https:\/\/gaiajeolog.com\/#\/schema\/logo\/image\/"}}]}},"_links":{"self":[{"href":"https:\/\/gaiajeolog.com\/en\/wp-json\/wp\/v2\/pages\/1858","targetHints":{"allow":["GET"]}}],"collection":[{"href":"https:\/\/gaiajeolog.com\/en\/wp-json\/wp\/v2\/pages"}],"about":[{"href":"https:\/\/gaiajeolog.com\/en\/wp-json\/wp\/v2\/types\/page"}],"author":[{"embeddable":true,"href":"https:\/\/gaiajeolog.com\/en\/wp-json\/wp\/v2\/users\/1"}],"replies":[{"embeddable":true,"href":"https:\/\/gaiajeolog.com\/en\/wp-json\/wp\/v2\/comments?post=1858"}],"version-history":[{"count":4,"href":"https:\/\/gaiajeolog.com\/en\/wp-json\/wp\/v2\/pages\/1858\/revisions"}],"predecessor-version":[{"id":1874,"href":"https:\/\/gaiajeolog.com\/en\/wp-json\/wp\/v2\/pages\/1858\/revisions\/1874"}],"up":[{"embeddable":true,"href":"https:\/\/gaiajeolog.com\/en\/wp-json\/wp\/v2\/pages\/992"}],"wp:attachment":[{"href":"https:\/\/gaiajeolog.com\/en\/wp-json\/wp\/v2\/media?parent=1858"}],"curies":[{"name":"wp","href":"https:\/\/api.w.org\/{rel}","templated":true}]}}