{"id":998,"date":"2024-11-06T08:47:38","date_gmt":"2024-11-06T08:47:38","guid":{"rendered":"https:\/\/gaiajeolog.com\/about-us\/ismet-cengiz\/"},"modified":"2026-03-06T15:29:10","modified_gmt":"2026-03-06T15:29:10","slug":"ismet-cengiz","status":"publish","type":"page","link":"https:\/\/gaiajeolog.com\/en\/about-us\/ismet-cengiz\/","title":{"rendered":"\u0130smet Cengiz"},"content":{"rendered":"\t\t<div data-elementor-type=\"wp-page\" data-elementor-id=\"998\" class=\"elementor elementor-998 elementor-234\">\n\t\t\t\t\t\t<section class=\"elementor-section elementor-top-section elementor-element elementor-element-7de9561 elementor-section-boxed elementor-section-height-default elementor-section-height-default\" data-id=\"7de9561\" data-element_type=\"section\" data-e-type=\"section\" data-settings=\"{&quot;background_background&quot;:&quot;classic&quot;}\">\n\t\t\t\t\t\t\t<div class=\"elementor-background-overlay\"><\/div>\n\t\t\t\t\t\t\t<div class=\"elementor-container elementor-column-gap-default\">\n\t\t\t\t\t<div class=\"elementor-column elementor-col-50 elementor-top-column elementor-element elementor-element-8db4cd1\" data-id=\"8db4cd1\" data-element_type=\"column\" data-e-type=\"column\">\n\t\t\t<div class=\"elementor-widget-wrap elementor-element-populated\">\n\t\t\t\t\t\t<div class=\"elementor-element elementor-element-f7f7040 elementor-widget elementor-widget-image\" data-id=\"f7f7040\" data-element_type=\"widget\" data-e-type=\"widget\" data-widget_type=\"image.default\">\n\t\t\t\t<div class=\"elementor-widget-container\">\n\t\t\t\t\t\t\t\t\t\t\t\t\t\t\t<img fetchpriority=\"high\" decoding=\"async\" width=\"1142\" height=\"1600\" src=\"https:\/\/gaiajeolog.com\/wp-content\/uploads\/2025\/01\/4263cde7-9f96-43a1-9b3d-962dd5c082c1.jpg\" class=\"attachment-full size-full wp-image-958\" alt=\"\" srcset=\"https:\/\/gaiajeolog.com\/wp-content\/uploads\/2025\/01\/4263cde7-9f96-43a1-9b3d-962dd5c082c1.jpg 1142w, https:\/\/gaiajeolog.com\/wp-content\/uploads\/2025\/01\/4263cde7-9f96-43a1-9b3d-962dd5c082c1-214x300.jpg 214w, https:\/\/gaiajeolog.com\/wp-content\/uploads\/2025\/01\/4263cde7-9f96-43a1-9b3d-962dd5c082c1-731x1024.jpg 731w, https:\/\/gaiajeolog.com\/wp-content\/uploads\/2025\/01\/4263cde7-9f96-43a1-9b3d-962dd5c082c1-768x1076.jpg 768w, https:\/\/gaiajeolog.com\/wp-content\/uploads\/2025\/01\/4263cde7-9f96-43a1-9b3d-962dd5c082c1-1096x1536.jpg 1096w\" sizes=\"(max-width: 1142px) 100vw, 1142px\" \/>\t\t\t\t\t\t\t\t\t\t\t\t\t\t\t<\/div>\n\t\t\t\t<\/div>\n\t\t\t\t\t<\/div>\n\t\t<\/div>\n\t\t\t\t<div class=\"elementor-column elementor-col-50 elementor-top-column elementor-element elementor-element-bdb9878\" data-id=\"bdb9878\" data-element_type=\"column\" data-e-type=\"column\">\n\t\t\t<div class=\"elementor-widget-wrap elementor-element-populated\">\n\t\t\t\t\t\t<div class=\"elementor-element elementor-element-2706e0d elementor-widget elementor-widget-heading\" data-id=\"2706e0d\" data-element_type=\"widget\" data-e-type=\"widget\" data-widget_type=\"heading.default\">\n\t\t\t\t<div class=\"elementor-widget-container\">\n\t\t\t\t\t<span class=\"elementor-heading-title elementor-size-default\">BSc-MSc-JMO-MAIG\n<\/span>\t\t\t\t<\/div>\n\t\t\t\t<\/div>\n\t\t\t\t<div class=\"elementor-element elementor-element-4686abb elementor-widget elementor-widget-heading\" data-id=\"4686abb\" data-element_type=\"widget\" data-e-type=\"widget\" data-widget_type=\"heading.default\">\n\t\t\t\t<div class=\"elementor-widget-container\">\n\t\t\t\t\t<span class=\"elementor-heading-title elementor-size-default\">Economic Geologist &amp; Co-Founder &amp; General Manager\n<\/span>\t\t\t\t<\/div>\n\t\t\t\t<\/div>\n\t\t\t\t<div class=\"elementor-element elementor-element-1ca6c30 elementor-widget elementor-widget-heading\" data-id=\"1ca6c30\" data-element_type=\"widget\" data-e-type=\"widget\" data-widget_type=\"heading.default\">\n\t\t\t\t<div class=\"elementor-widget-container\">\n\t\t\t\t\t<h2 class=\"elementor-heading-title elementor-size-default\">\u0130smet Cengiz<\/h2>\t\t\t\t<\/div>\n\t\t\t\t<\/div>\n\t\t\t\t<div class=\"elementor-element elementor-element-9793c95 elementor-widget__width-initial elementor-widget elementor-widget-text-editor\" data-id=\"9793c95\" data-element_type=\"widget\" data-e-type=\"widget\" data-widget_type=\"text-editor.default\">\n\t\t\t\t<div class=\"elementor-widget-container\">\n\t\t\t\t\t\t\t\t\t<p><span style=\"font-weight: 400;\">\u0130smet Cengiz received her B.S. in Geological Engineering from Hacettepe University in 1984 and earned his M.S. in Geological Engineering with a focus on ore deposits from the Hacettepe University in 1997. He started his career as a geological engineer at General D\u0131rectorate Of M\u0131neral Research And Explorat\u0131on (MTA) in 1985 and took on various roles in many exploration projects until his retirement in 2010.<\/span><\/p><p><span style=\"font-weight: 400;\">He worked as a &#8220;Technical Leader&#8221; at Demir Export between 2010-2023 and has been providing independent consultancy services to various companies in the mining industry since 2023. \u0130smet Cengiz, co-founder of Gaia Geolog, has worked in different localities of Turkey and the World and has over 40 years of experience in geology, geochemistry and mineral exploration.<\/span><\/p><p><span style=\"font-weight: 400;\">\u0130smet Cengiz participated in geochemistry studies for 5 months in Germany BGR (Bundesanstalt f\u00fcr Geowissenschaften und Rohstoffe) in 1989, and in gold deposits in Nevada and California (USA) for 1 month in 1991 as part of the MTA-UN joint venture project.<\/span><\/p><p><span style=\"font-weight: 400;\">\u0130smet Cengiz served as president of Chamber of Geological Engineers of T\u00fcrkiye (TMMOB JMO) from 2002-2008. \u0130smet is a Competent Person (JORC and NI43-101) registered with the Australian Institute of Geologists (AIG).<\/span><\/p>\t\t\t\t\t\t\t\t<\/div>\n\t\t\t\t<\/div>\n\t\t\t\t<div class=\"elementor-element elementor-element-f5d195f elementor-shape-circle e-grid-align-left elementor-grid-0 elementor-widget elementor-widget-social-icons\" data-id=\"f5d195f\" data-element_type=\"widget\" data-e-type=\"widget\" data-widget_type=\"social-icons.default\">\n\t\t\t\t<div class=\"elementor-widget-container\">\n\t\t\t\t\t\t\t<div class=\"elementor-social-icons-wrapper elementor-grid\">\n\t\t\t\t\t\t\t<span class=\"elementor-grid-item\">\n\t\t\t\t\t<a class=\"elementor-icon elementor-social-icon elementor-social-icon-linkedin elementor-repeater-item-9042912\" href=\"https:\/\/www.linkedin.com\/in\/ismet-cengiz-jeoloji-m%C3%BCh-geologist-msc-tmmob-jmo-cp-maig-b3422256\/\" target=\"_blank\">\n\t\t\t\t\t\t<span class=\"elementor-screen-only\">Linkedin<\/span>\n\t\t\t\t\t\t<svg aria-hidden=\"true\" class=\"e-font-icon-svg e-fab-linkedin\" viewBox=\"0 0 448 512\" xmlns=\"http:\/\/www.w3.org\/2000\/svg\"><path d=\"M416 32H31.9C14.3 32 0 46.5 0 64.3v383.4C0 465.5 14.3 480 31.9 480H416c17.6 0 32-14.5 32-32.3V64.3c0-17.8-14.4-32.3-32-32.3zM135.4 416H69V202.2h66.5V416zm-33.2-243c-21.3 0-38.5-17.3-38.5-38.5S80.9 96 102.2 96c21.2 0 38.5 17.3 38.5 38.5 0 21.3-17.2 38.5-38.5 38.5zm282.1 243h-66.4V312c0-24.8-.5-56.7-34.5-56.7-34.6 0-39.9 27-39.9 54.9V416h-66.4V202.2h63.7v29.2h.9c8.9-16.8 30.6-34.5 62.9-34.5 67.2 0 79.7 44.3 79.7 101.9V416z\"><\/path><\/svg>\t\t\t\t\t<\/a>\n\t\t\t\t<\/span>\n\t\t\t\t\t<\/div>\n\t\t\t\t\t\t<\/div>\n\t\t\t\t<\/div>\n\t\t\t\t\t<\/div>\n\t\t<\/div>\n\t\t\t\t\t<\/div>\n\t\t<\/section>\n\t\t\t\t<section class=\"elementor-section elementor-top-section elementor-element elementor-element-7dc6e1f elementor-section-full_width elementor-section-height-default elementor-section-height-default\" data-id=\"7dc6e1f\" data-element_type=\"section\" data-e-type=\"section\" data-settings=\"{&quot;background_background&quot;:&quot;classic&quot;}\">\n\t\t\t\t\t\t\t<div class=\"elementor-background-overlay\"><\/div>\n\t\t\t\t\t\t\t<div class=\"elementor-container elementor-column-gap-no\">\n\t\t\t\t\t<div class=\"elementor-column elementor-col-100 elementor-top-column elementor-element elementor-element-b1e6337\" data-id=\"b1e6337\" data-element_type=\"column\" data-e-type=\"column\">\n\t\t\t<div class=\"elementor-widget-wrap elementor-element-populated\">\n\t\t\t\t<div class=\"elementor-element elementor-element-e78b2e5 e-grid e-con-full e-con e-parent\" data-id=\"e78b2e5\" data-element_type=\"container\" data-e-type=\"container\">\n\t\t<div class=\"elementor-element elementor-element-876ed9a e-con-full e-flex e-con e-child\" data-id=\"876ed9a\" data-element_type=\"container\" data-e-type=\"container\">\n\t\t\t\t<div class=\"elementor-element elementor-element-5021806 elementor-widget elementor-widget-counter\" data-id=\"5021806\" data-element_type=\"widget\" data-e-type=\"widget\" data-widget_type=\"counter.default\">\n\t\t\t\t<div class=\"elementor-widget-container\">\n\t\t\t\t\t\t\t<div class=\"elementor-counter\">\n\t\t\t<div class=\"elementor-counter-title\">years on the market<\/div>\t\t\t<div class=\"elementor-counter-number-wrapper\">\n\t\t\t\t<span class=\"elementor-counter-number-prefix\"><\/span>\n\t\t\t\t<span class=\"elementor-counter-number\" data-duration=\"2000\" data-to-value=\"40\" data-from-value=\"30\" data-delimiter=\",\">30<\/span>\n\t\t\t\t<span class=\"elementor-counter-number-suffix\">+<\/span>\n\t\t\t<\/div>\n\t\t<\/div>\n\t\t\t\t\t\t<\/div>\n\t\t\t\t<\/div>\n\t\t\t\t<\/div>\n\t\t<div class=\"elementor-element elementor-element-cfc4763 e-con-full e-flex e-con e-child\" data-id=\"cfc4763\" data-element_type=\"container\" data-e-type=\"container\">\n\t\t\t\t<div class=\"elementor-element elementor-element-c12310b elementor-widget elementor-widget-counter\" data-id=\"c12310b\" data-element_type=\"widget\" data-e-type=\"widget\" data-widget_type=\"counter.default\">\n\t\t\t\t<div class=\"elementor-widget-container\">\n\t\t\t\t\t\t\t<div class=\"elementor-counter\">\n\t\t\t<div class=\"elementor-counter-title\">Projects<\/div>\t\t\t<div class=\"elementor-counter-number-wrapper\">\n\t\t\t\t<span class=\"elementor-counter-number-prefix\"><\/span>\n\t\t\t\t<span class=\"elementor-counter-number\" data-duration=\"2000\" data-to-value=\"1000\" data-from-value=\"600\" data-delimiter=\",\">600<\/span>\n\t\t\t\t<span class=\"elementor-counter-number-suffix\">+<\/span>\n\t\t\t<\/div>\n\t\t<\/div>\n\t\t\t\t\t\t<\/div>\n\t\t\t\t<\/div>\n\t\t\t\t<\/div>\n\t\t<div class=\"elementor-element elementor-element-b86a5d6 e-con-full e-flex e-con e-child\" data-id=\"b86a5d6\" data-element_type=\"container\" data-e-type=\"container\">\n\t\t\t\t<div class=\"elementor-element elementor-element-8303f9f elementor-widget elementor-widget-heading\" data-id=\"8303f9f\" data-element_type=\"widget\" data-e-type=\"widget\" data-widget_type=\"heading.default\">\n\t\t\t\t<div class=\"elementor-widget-container\">\n\t\t\t\t\t<h3 class=\"elementor-heading-title elementor-size-default\"><strong>CP<\/strong> for<\/h3>\t\t\t\t<\/div>\n\t\t\t\t<\/div>\n\t\t\t\t<div class=\"elementor-element elementor-element-96e7b15 elementor-widget elementor-widget-heading\" data-id=\"96e7b15\" data-element_type=\"widget\" data-e-type=\"widget\" data-widget_type=\"heading.default\">\n\t\t\t\t<div class=\"elementor-widget-container\">\n\t\t\t\t\t<h1 class=\"elementor-heading-title elementor-size-default\">JORC<\/h1>\t\t\t\t<\/div>\n\t\t\t\t<\/div>\n\t\t\t\t<\/div>\n\t\t<div class=\"elementor-element elementor-element-4270eaa e-con-full e-flex e-con e-child\" data-id=\"4270eaa\" data-element_type=\"container\" data-e-type=\"container\">\n\t\t\t\t<div class=\"elementor-element elementor-element-0f1327b elementor-widget elementor-widget-heading\" data-id=\"0f1327b\" data-element_type=\"widget\" data-e-type=\"widget\" data-widget_type=\"heading.default\">\n\t\t\t\t<div class=\"elementor-widget-container\">\n\t\t\t\t\t<h3 class=\"elementor-heading-title elementor-size-default\"><strong> QP <\/strong> for<\/h3>\t\t\t\t<\/div>\n\t\t\t\t<\/div>\n\t\t\t\t<div class=\"elementor-element elementor-element-c697db1 elementor-widget elementor-widget-heading\" data-id=\"c697db1\" data-element_type=\"widget\" data-e-type=\"widget\" data-widget_type=\"heading.default\">\n\t\t\t\t<div class=\"elementor-widget-container\">\n\t\t\t\t\t<h1 class=\"elementor-heading-title elementor-size-default\">NI 43-101<\/h1>\t\t\t\t<\/div>\n\t\t\t\t<\/div>\n\t\t\t\t<\/div>\n\t\t<div class=\"elementor-element elementor-element-62ac515 e-con-full e-flex e-con e-child\" data-id=\"62ac515\" data-element_type=\"container\" data-e-type=\"container\">\n\t\t\t\t<div class=\"elementor-element elementor-element-d0a93ae elementor-widget elementor-widget-heading\" data-id=\"d0a93ae\" data-element_type=\"widget\" data-e-type=\"widget\" data-widget_type=\"heading.default\">\n\t\t\t\t<div class=\"elementor-widget-container\">\n\t\t\t\t\t<h3 class=\"elementor-heading-title elementor-size-default\"><strong> CP <\/strong> for<\/h3>\t\t\t\t<\/div>\n\t\t\t\t<\/div>\n\t\t\t\t<div class=\"elementor-element elementor-element-b4dedc0 elementor-widget elementor-widget-heading\" data-id=\"b4dedc0\" data-element_type=\"widget\" data-e-type=\"widget\" data-widget_type=\"heading.default\">\n\t\t\t\t<div class=\"elementor-widget-container\">\n\t\t\t\t\t<h1 class=\"elementor-heading-title elementor-size-default\">UMREK<\/h1>\t\t\t\t<\/div>\n\t\t\t\t<\/div>\n\t\t\t\t<\/div>\n\t\t\t\t<\/div>\n\t\t\t\t\t<\/div>\n\t\t<\/div>\n\t\t\t\t\t<\/div>\n\t\t<\/section>\n\t\t\t\t<\/div>\n\t\t","protected":false},"excerpt":{"rendered":"<p>BSc-MSc-JMO-MAIG Economic Geologist &amp; Co-Founder &amp; General Manager \u0130smet Cengiz \u0130smet Cengiz received her B.S. in Geological Engineering from Hacettepe University in 1984 and earned his M.S. in Geological Engineering with a focus on ore deposits from the Hacettepe University in 1997. He started his career as a geological engineer at General D\u0131rectorate Of M\u0131neral&hellip;&nbsp;<a href=\"https:\/\/gaiajeolog.com\/en\/about-us\/ismet-cengiz\/\" rel=\"bookmark\">Read More &raquo;<span class=\"screen-reader-text\">\u0130smet Cengiz<\/span><\/a><\/p>\n","protected":false},"author":1,"featured_media":0,"parent":992,"menu_order":0,"comment_status":"closed","ping_status":"closed","template":"page-templates\/template-pagebuilder-full-width.php","meta":{"neve_meta_sidebar":"","neve_meta_container":"","neve_meta_enable_content_width":"","neve_meta_content_width":0,"neve_meta_title_alignment":"","neve_meta_author_avatar":"","neve_post_elements_order":"","neve_meta_disable_header":"","neve_meta_disable_footer":"","neve_meta_disable_title":"","_themeisle_gutenberg_block_has_review":false,"footnotes":""},"class_list":["post-998","page","type-page","status-publish","hentry"],"yoast_head":"<!-- This site is optimized with the Yoast SEO plugin v27.4 - https:\/\/yoast.com\/product\/yoast-seo-wordpress\/ -->\n<title>\u0130smet Cengiz - Gaia Jeolog<\/title>\n<meta name=\"robots\" content=\"index, follow, max-snippet:-1, max-image-preview:large, max-video-preview:-1\" \/>\n<link rel=\"canonical\" href=\"https:\/\/gaiajeolog.com\/hakkimizda\/ismet-cengiz\/\" \/>\n<meta property=\"og:locale\" content=\"en_US\" \/>\n<meta property=\"og:type\" content=\"article\" \/>\n<meta property=\"og:title\" content=\"\u0130smet Cengiz - Gaia Jeolog\" \/>\n<meta property=\"og:description\" content=\"BSc-MSc-JMO-MAIG Economic Geologist &amp; Co-Founder &amp; General Manager \u0130smet Cengiz \u0130smet Cengiz received her B.S. in Geological Engineering from Hacettepe University in 1984 and earned his M.S. in Geological Engineering with a focus on ore deposits from the Hacettepe University in 1997. He started his career as a geological engineer at General D\u0131rectorate Of M\u0131neral&hellip;&nbsp;Read More &raquo;\u0130smet Cengiz\" \/>\n<meta property=\"og:url\" content=\"https:\/\/gaiajeolog.com\/hakkimizda\/ismet-cengiz\/\" \/>\n<meta property=\"og:site_name\" content=\"Gaia Jeolog\" \/>\n<meta property=\"article:modified_time\" content=\"2026-03-06T15:29:10+00:00\" \/>\n<meta property=\"og:image\" content=\"https:\/\/gaiajeolog.com\/wp-content\/uploads\/2025\/01\/4263cde7-9f96-43a1-9b3d-962dd5c082c1.jpg\" \/>\n\t<meta property=\"og:image:width\" content=\"1142\" \/>\n\t<meta property=\"og:image:height\" content=\"1600\" \/>\n\t<meta property=\"og:image:type\" content=\"image\/jpeg\" \/>\n<meta name=\"twitter:card\" content=\"summary_large_image\" \/>\n<meta name=\"twitter:label1\" content=\"Est. reading time\" \/>\n\t<meta name=\"twitter:data1\" content=\"2 minutes\" \/>\n<script type=\"application\/ld+json\" class=\"yoast-schema-graph\">{\"@context\":\"https:\\\/\\\/schema.org\",\"@graph\":[{\"@type\":\"WebPage\",\"@id\":\"https:\\\/\\\/gaiajeolog.com\\\/hakkimizda\\\/ismet-cengiz\\\/\",\"url\":\"https:\\\/\\\/gaiajeolog.com\\\/hakkimizda\\\/ismet-cengiz\\\/\",\"name\":\"\u0130smet Cengiz - Gaia Jeolog\",\"isPartOf\":{\"@id\":\"https:\\\/\\\/gaiajeolog.com\\\/#website\"},\"primaryImageOfPage\":{\"@id\":\"https:\\\/\\\/gaiajeolog.com\\\/hakkimizda\\\/ismet-cengiz\\\/#primaryimage\"},\"image\":{\"@id\":\"https:\\\/\\\/gaiajeolog.com\\\/hakkimizda\\\/ismet-cengiz\\\/#primaryimage\"},\"thumbnailUrl\":\"https:\\\/\\\/gaiajeolog.com\\\/wp-content\\\/uploads\\\/2025\\\/01\\\/4263cde7-9f96-43a1-9b3d-962dd5c082c1.jpg\",\"datePublished\":\"2024-11-06T08:47:38+00:00\",\"dateModified\":\"2026-03-06T15:29:10+00:00\",\"breadcrumb\":{\"@id\":\"https:\\\/\\\/gaiajeolog.com\\\/hakkimizda\\\/ismet-cengiz\\\/#breadcrumb\"},\"inLanguage\":\"en-US\",\"potentialAction\":[{\"@type\":\"ReadAction\",\"target\":[\"https:\\\/\\\/gaiajeolog.com\\\/hakkimizda\\\/ismet-cengiz\\\/\"]}]},{\"@type\":\"ImageObject\",\"inLanguage\":\"en-US\",\"@id\":\"https:\\\/\\\/gaiajeolog.com\\\/hakkimizda\\\/ismet-cengiz\\\/#primaryimage\",\"url\":\"https:\\\/\\\/gaiajeolog.com\\\/wp-content\\\/uploads\\\/2025\\\/01\\\/4263cde7-9f96-43a1-9b3d-962dd5c082c1.jpg\",\"contentUrl\":\"https:\\\/\\\/gaiajeolog.com\\\/wp-content\\\/uploads\\\/2025\\\/01\\\/4263cde7-9f96-43a1-9b3d-962dd5c082c1.jpg\"},{\"@type\":\"BreadcrumbList\",\"@id\":\"https:\\\/\\\/gaiajeolog.com\\\/hakkimizda\\\/ismet-cengiz\\\/#breadcrumb\",\"itemListElement\":[{\"@type\":\"ListItem\",\"position\":1,\"name\":\"Anasayfa\",\"item\":\"https:\\\/\\\/gaiajeolog.com\\\/\"},{\"@type\":\"ListItem\",\"position\":2,\"name\":\"About Us\",\"item\":\"https:\\\/\\\/gaiajeolog.com\\\/hakkimizda\\\/\"},{\"@type\":\"ListItem\",\"position\":3,\"name\":\"\u0130smet Cengiz\"}]},{\"@type\":\"WebSite\",\"@id\":\"https:\\\/\\\/gaiajeolog.com\\\/#website\",\"url\":\"https:\\\/\\\/gaiajeolog.com\\\/\",\"name\":\"Gaia Jeolog\",\"description\":\"Sadece Jeoloji\",\"publisher\":{\"@id\":\"https:\\\/\\\/gaiajeolog.com\\\/#organization\"},\"potentialAction\":[{\"@type\":\"SearchAction\",\"target\":{\"@type\":\"EntryPoint\",\"urlTemplate\":\"https:\\\/\\\/gaiajeolog.com\\\/?s={search_term_string}\"},\"query-input\":{\"@type\":\"PropertyValueSpecification\",\"valueRequired\":true,\"valueName\":\"search_term_string\"}}],\"inLanguage\":\"en-US\"},{\"@type\":\"Organization\",\"@id\":\"https:\\\/\\\/gaiajeolog.com\\\/#organization\",\"name\":\"Gaia Jeolog\",\"url\":\"https:\\\/\\\/gaiajeolog.com\\\/\",\"logo\":{\"@type\":\"ImageObject\",\"inLanguage\":\"en-US\",\"@id\":\"https:\\\/\\\/gaiajeolog.com\\\/#\\\/schema\\\/logo\\\/image\\\/\",\"url\":\"https:\\\/\\\/gaiajeolog.com\\\/wp-content\\\/uploads\\\/2024\\\/11\\\/gaia_logo.png\",\"contentUrl\":\"https:\\\/\\\/gaiajeolog.com\\\/wp-content\\\/uploads\\\/2024\\\/11\\\/gaia_logo.png\",\"width\":399,\"height\":100,\"caption\":\"Gaia Jeolog\"},\"image\":{\"@id\":\"https:\\\/\\\/gaiajeolog.com\\\/#\\\/schema\\\/logo\\\/image\\\/\"}}]}<\/script>\n<!-- \/ Yoast SEO plugin. -->","yoast_head_json":{"title":"\u0130smet Cengiz - Gaia Jeolog","robots":{"index":"index","follow":"follow","max-snippet":"max-snippet:-1","max-image-preview":"max-image-preview:large","max-video-preview":"max-video-preview:-1"},"canonical":"https:\/\/gaiajeolog.com\/hakkimizda\/ismet-cengiz\/","og_locale":"en_US","og_type":"article","og_title":"\u0130smet Cengiz - Gaia Jeolog","og_description":"BSc-MSc-JMO-MAIG Economic Geologist &amp; Co-Founder &amp; General Manager \u0130smet Cengiz \u0130smet Cengiz received her B.S. in Geological Engineering from Hacettepe University in 1984 and earned his M.S. in Geological Engineering with a focus on ore deposits from the Hacettepe University in 1997. He started his career as a geological engineer at General D\u0131rectorate Of M\u0131neral&hellip;&nbsp;Read More &raquo;\u0130smet Cengiz","og_url":"https:\/\/gaiajeolog.com\/hakkimizda\/ismet-cengiz\/","og_site_name":"Gaia Jeolog","article_modified_time":"2026-03-06T15:29:10+00:00","og_image":[{"width":1142,"height":1600,"url":"https:\/\/gaiajeolog.com\/wp-content\/uploads\/2025\/01\/4263cde7-9f96-43a1-9b3d-962dd5c082c1.jpg","type":"image\/jpeg"}],"twitter_card":"summary_large_image","twitter_misc":{"Est. reading time":"2 minutes"},"schema":{"@context":"https:\/\/schema.org","@graph":[{"@type":"WebPage","@id":"https:\/\/gaiajeolog.com\/hakkimizda\/ismet-cengiz\/","url":"https:\/\/gaiajeolog.com\/hakkimizda\/ismet-cengiz\/","name":"\u0130smet Cengiz - Gaia Jeolog","isPartOf":{"@id":"https:\/\/gaiajeolog.com\/#website"},"primaryImageOfPage":{"@id":"https:\/\/gaiajeolog.com\/hakkimizda\/ismet-cengiz\/#primaryimage"},"image":{"@id":"https:\/\/gaiajeolog.com\/hakkimizda\/ismet-cengiz\/#primaryimage"},"thumbnailUrl":"https:\/\/gaiajeolog.com\/wp-content\/uploads\/2025\/01\/4263cde7-9f96-43a1-9b3d-962dd5c082c1.jpg","datePublished":"2024-11-06T08:47:38+00:00","dateModified":"2026-03-06T15:29:10+00:00","breadcrumb":{"@id":"https:\/\/gaiajeolog.com\/hakkimizda\/ismet-cengiz\/#breadcrumb"},"inLanguage":"en-US","potentialAction":[{"@type":"ReadAction","target":["https:\/\/gaiajeolog.com\/hakkimizda\/ismet-cengiz\/"]}]},{"@type":"ImageObject","inLanguage":"en-US","@id":"https:\/\/gaiajeolog.com\/hakkimizda\/ismet-cengiz\/#primaryimage","url":"https:\/\/gaiajeolog.com\/wp-content\/uploads\/2025\/01\/4263cde7-9f96-43a1-9b3d-962dd5c082c1.jpg","contentUrl":"https:\/\/gaiajeolog.com\/wp-content\/uploads\/2025\/01\/4263cde7-9f96-43a1-9b3d-962dd5c082c1.jpg"},{"@type":"BreadcrumbList","@id":"https:\/\/gaiajeolog.com\/hakkimizda\/ismet-cengiz\/#breadcrumb","itemListElement":[{"@type":"ListItem","position":1,"name":"Anasayfa","item":"https:\/\/gaiajeolog.com\/"},{"@type":"ListItem","position":2,"name":"About Us","item":"https:\/\/gaiajeolog.com\/hakkimizda\/"},{"@type":"ListItem","position":3,"name":"\u0130smet Cengiz"}]},{"@type":"WebSite","@id":"https:\/\/gaiajeolog.com\/#website","url":"https:\/\/gaiajeolog.com\/","name":"Gaia Jeolog","description":"Sadece Jeoloji","publisher":{"@id":"https:\/\/gaiajeolog.com\/#organization"},"potentialAction":[{"@type":"SearchAction","target":{"@type":"EntryPoint","urlTemplate":"https:\/\/gaiajeolog.com\/?s={search_term_string}"},"query-input":{"@type":"PropertyValueSpecification","valueRequired":true,"valueName":"search_term_string"}}],"inLanguage":"en-US"},{"@type":"Organization","@id":"https:\/\/gaiajeolog.com\/#organization","name":"Gaia Jeolog","url":"https:\/\/gaiajeolog.com\/","logo":{"@type":"ImageObject","inLanguage":"en-US","@id":"https:\/\/gaiajeolog.com\/#\/schema\/logo\/image\/","url":"https:\/\/gaiajeolog.com\/wp-content\/uploads\/2024\/11\/gaia_logo.png","contentUrl":"https:\/\/gaiajeolog.com\/wp-content\/uploads\/2024\/11\/gaia_logo.png","width":399,"height":100,"caption":"Gaia Jeolog"},"image":{"@id":"https:\/\/gaiajeolog.com\/#\/schema\/logo\/image\/"}}]}},"_links":{"self":[{"href":"https:\/\/gaiajeolog.com\/en\/wp-json\/wp\/v2\/pages\/998","targetHints":{"allow":["GET"]}}],"collection":[{"href":"https:\/\/gaiajeolog.com\/en\/wp-json\/wp\/v2\/pages"}],"about":[{"href":"https:\/\/gaiajeolog.com\/en\/wp-json\/wp\/v2\/types\/page"}],"author":[{"embeddable":true,"href":"https:\/\/gaiajeolog.com\/en\/wp-json\/wp\/v2\/users\/1"}],"replies":[{"embeddable":true,"href":"https:\/\/gaiajeolog.com\/en\/wp-json\/wp\/v2\/comments?post=998"}],"version-history":[{"count":3,"href":"https:\/\/gaiajeolog.com\/en\/wp-json\/wp\/v2\/pages\/998\/revisions"}],"predecessor-version":[{"id":1825,"href":"https:\/\/gaiajeolog.com\/en\/wp-json\/wp\/v2\/pages\/998\/revisions\/1825"}],"up":[{"embeddable":true,"href":"https:\/\/gaiajeolog.com\/en\/wp-json\/wp\/v2\/pages\/992"}],"wp:attachment":[{"href":"https:\/\/gaiajeolog.com\/en\/wp-json\/wp\/v2\/media?parent=998"}],"curies":[{"name":"wp","href":"https:\/\/api.w.org\/{rel}","templated":true}]}}